{"id":620,"date":"2025-04-28T15:59:45","date_gmt":"2025-04-28T13:59:45","guid":{"rendered":"https:\/\/www.morris-casualfood.be\/morris\/"},"modified":"2025-04-28T16:38:02","modified_gmt":"2025-04-28T14:38:02","slug":"morris","status":"publish","type":"page","link":"https:\/\/www.morris-casualfood.be\/nl\/morris\/","title":{"rendered":"Morris"},"content":{"rendered":"\t\t<div data-elementor-type=\"wp-page\" data-elementor-id=\"620\" class=\"elementor elementor-620 elementor-609\">\n\t\t\t\t\t\t\t<div class=\" elementor-element elementor-element-b306fee e-flex e-con-boxed e-con e-parent\" data-id=\"b306fee\" data-element_type=\"container\">\r\n\t\t\t\t\t\t\t<div class=\"e-con-inner\">\r\n\t\t\t\t\t\t<div class=\"elementor-element elementor-element-72790fa elementor-widget elementor-widget-slider_revolution\" data-id=\"72790fa\" data-element_type=\"widget\" data-widget_type=\"slider_revolution.default\">\n\t\t\t\t<div class=\"elementor-widget-container\">\n\t\t\t\t\t\n\t\t<div class=\"wp-block-themepunch-revslider\">\n\t\t\t\t<p class=\"rs-p-wp-fix\"><\/p>\n\t\t\t\t<sr7-module data-alias=\"recettes-fr-11\" data-id=\"4\" id=\"SR7_4_1\" class=\"rs-ov-hidden\" data-version=\"6.7.37\">\n\t\t\t\t\t<sr7-adjuster><\/sr7-adjuster>\n\t\t\t\t\t<sr7-content>\n\t\t\t\t\t\t<sr7-slide id=\"SR7_4_1-7\" data-key=\"7\">\n\t\t\t\t\t\t\t<sr7-bg id=\"SR7_4_1-7-1\" class=\"sr7-layer\"><noscript><img decoding=\"async\" src=\"https:\/\/www.morris-casualfood.be\/wp-content\/uploads\/2025\/04\/Bidfood_007_Bewerkt-scaled.jpg\" alt=\"\" title=\"Bidfood_007_Bewerkt\"><\/noscript><\/sr7-bg>\n\t\t\t\t\t\t\t<sr7-txt id=\"SR7_4_1-7-0\" class=\"sr7-layer\">Morris<\/sr7-txt>\n\t\t\t\t\t\t<\/sr7-slide>\n\t\t\t\t\t\t<sr7-slide id=\"SR7_4_1-8\" data-key=\"8\">\n\t\t\t\t\t\t<\/sr7-slide>\n\t\t\t\t\t<\/sr7-content>\n\t\t\t\t\t<image_lists style=\"display:none\">\n\t\t\t\t\t\t<img data-src=\"\/\/www.morris-casualfood.be\/wp-content\/uploads\/2025\/04\/Bidfood_007_Bewerkt-scaled.jpg\" data-libid=\"486\" data-lib=\"medialibrary\" title=\"Bidfood_007_Bewerkt\" width=\"0\" height=\"0\" data-dbsrc=\"Ly93d3cubW9ycmlzLWNhc3VhbGZvb2QuYmUvd3AtY29udGVudC91cGxvYWRzLzIwMjUvMDQvQmlkZm9vZF8wMDdfQmV3ZXJrdC1zY2FsZWQuanBn\"\/>\n\t\t\t\t\t<\/image_lists>\n\t\t\t\t<\/sr7-module>\n\t\t\t\t<script>\n\t\t\t\t\tSR7.PMH ??={}; SR7.PMH[\"SR7_4_1\"] = {cn:100,state:false,fn: function() { if (_tpt!==undefined && _tpt.prepareModuleHeight !== undefined) {  _tpt.prepareModuleHeight({id:\"SR7_4_1\",el:[250,250,768,960,720],type:'standard',shdw:'0',gh:[250,250,205,156,96],gw:[1250,1250,1024,778,480],vpt:['-100px'],size:{fullWidth:true, fullHeight:false},mh:'0',onh:0,onw:0,bg:{color:'{\"orig\":\"transparent\",\"type\":\"solid\",\"string\":\"transparent\"}'},plType:'2',plColor:'#82b949'});   SR7.PMH[\"SR7_4_1\"].state=true;} else if(SR7.PMH[\"SR7_4_1\"].cn-->0)\tsetTimeout( SR7.PMH[\"SR7_4_1\"].fn,19);}};SR7.PMH[\"SR7_4_1\" ].fn();\n\t\t\t\t<\/script>\n<\/div>\n\n\t\t\t\t\t\t<\/div>\n\t\t\t\t<\/div>\n\t\t\t\t\t\t<\/div>\r\n\t\t\t\t\r\n\t\t\t<\/div>\r\n\t\t\t\t\t\t<div class=\" elementor-element elementor-element-5023377 e-flex e-con-boxed e-con e-parent\" data-id=\"5023377\" data-element_type=\"container\">\r\n\t\t\t\t\t\t\t<div class=\"e-con-inner\">\r\n\t\t\t\t\t\t<div class=\"elementor-element elementor-element-c34a4fe elementor-hidden-tablet elementor-hidden-mobile elementor-widget elementor-widget-text-editor\" data-id=\"c34a4fe\" data-element_type=\"widget\" data-widget_type=\"text-editor.default\">\n\t\t\t\t<div class=\"elementor-widget-container\">\n\t\t\t\t\t\t\t\t\t<h2 style=\"text-align: center;\"><strong>VAN VISIE NAAR VERBINDEND FOODCONCEPT<\/strong><\/h2>\t\t\t\t\t\t\t\t<\/div>\n\t\t\t\t<\/div>\n\t\t\t\t<div class=\"elementor-element elementor-element-8bfa3ee elementor-hidden-desktop elementor-hidden-laptop elementor-hidden-tablet_extra elementor-widget elementor-widget-text-editor\" data-id=\"8bfa3ee\" data-element_type=\"widget\" data-widget_type=\"text-editor.default\">\n\t\t\t\t<div class=\"elementor-widget-container\">\n\t\t\t\t\t\t\t\t\t<h3 style=\"text-align: center;\"><strong>VAN VISIE NAAR VERBINDEND FOODCONCEPT<\/strong><\/h3>\t\t\t\t\t\t\t\t<\/div>\n\t\t\t\t<\/div>\n\t\t\t\t\t\t<\/div>\r\n\t\t\t\t\r\n\t\t\t<\/div>\r\n\t\t\t\t\t\t<div class=\" elementor-element elementor-element-5ebff02 elementor-hidden-tablet elementor-hidden-mobile e-flex e-con-boxed e-con e-parent\" data-id=\"5ebff02\" data-element_type=\"container\">\r\n\t\t\t\t\t\t\t<div class=\"e-con-inner\">\r\n\t\t\t\t\t\t\t<div class=\" elementor-element elementor-element-f183905 e-con-full e-flex e-con e-child\" data-id=\"f183905\" data-element_type=\"container\">\r\n\t\t\t\t\t<div class=\"elementor-element elementor-element-8963990 elementor-widget elementor-widget-text-editor\" data-id=\"8963990\" data-element_type=\"widget\" data-widget_type=\"text-editor.default\">\n\t\t\t\t<div class=\"elementor-widget-container\">\n\t\t\t\t\t\t\t\t\t<p><span style=\"color: #000000;\">In 1985 had Maurice Van Hoof een duidelijke missie: niet zomaar fastfood, maar foodconcepten die mensen samenbrengen. Vanuit zijn ervaring bij \u00e9\u00e9n van de grootste fastfoodketens van Belgi\u00eb zag hij kansen voor een vernieuwende aanpak. Hij wilde kwaliteitsvolle gerechten combineren met snelheid en effici\u00ebntie, zonder in te boeten op smaak of beleving. Wat begon als Foster groeide uit tot een gevestigde waarde in de Belgische horeca.<\/span><\/p><p><span style=\"color: #000000;\">Vandaag zetten we samen met <strong>Bidfood Belgium<\/strong> zijn visie verder met<br><strong>Morris Casual Food Co.<\/strong> \u2013 een naam die eer betoont aan onze oprichter en<br>tegelijk de toekomst omarmt. Authenticiteit, betrouwbaarheid en casual food op z\u2019n best: dat is waar we voor staan. Met onze expertise en innovatieve aanpak ondersteunen we horeca-uitbaters in het cre\u00ebren van succesvolle fast casual concepten. <strong>Morris Casual Food zal als merk exclusief verdeeld worden via Bidfood Belgium.<\/strong><\/span><\/p>\t\t\t\t\t\t\t\t<\/div>\n\t\t\t\t<\/div>\n\t\t\r\n\t\t\t<\/div>\r\n\t\t\t\t\t\t<div class=\" elementor-element elementor-element-c244f6d e-con-full e-flex e-con e-child\" data-id=\"c244f6d\" data-element_type=\"container\">\r\n\t\t\t\t\t<div class=\"elementor-element elementor-element-d52bd0e elementor-widget elementor-widget-image\" data-id=\"d52bd0e\" data-element_type=\"widget\" data-widget_type=\"image.default\">\n\t\t\t\t<div class=\"elementor-widget-container\">\n\t\t\t\t\t\t\t\t\t\t\t\t\t\t\t<img fetchpriority=\"high\" decoding=\"async\" width=\"768\" height=\"1024\" src=\"https:\/\/www.morris-casualfood.be\/wp-content\/uploads\/2025\/04\/BID-25-5019_Salesfolder_Morris_FR_V1.pdf-300-x-500-mm-768x1024.png\" class=\"attachment-large size-large wp-image-612\" alt=\"\" \/>\t\t\t\t\t\t\t\t\t\t\t\t\t\t\t<\/div>\n\t\t\t\t<\/div>\n\t\t\r\n\t\t\t<\/div>\r\n\t\t\t\t\t\t\t<\/div>\r\n\t\t\t\t\r\n\t\t\t<\/div>\r\n\t\t\t\t\t\t<div class=\" elementor-element elementor-element-4901950 elementor-hidden-desktop elementor-hidden-laptop elementor-hidden-tablet_extra e-flex e-con-boxed e-con e-parent\" data-id=\"4901950\" data-element_type=\"container\">\r\n\t\t\t\t\t\t\t<div class=\"e-con-inner\">\r\n\t\t\t\t\t\t<div class=\"elementor-element elementor-element-66330bc elementor-widget elementor-widget-text-editor\" data-id=\"66330bc\" data-element_type=\"widget\" data-widget_type=\"text-editor.default\">\n\t\t\t\t<div class=\"elementor-widget-container\">\n\t\t\t\t\t\t\t\t\t<p><span style=\"color: #000000;\">In 1985 had Maurice Van Hoof een duidelijke missie: niet zomaar fastfood, maar foodconcepten die mensen samenbrengen. Vanuit zijn ervaring bij \u00e9\u00e9n van de grootste fastfoodketens van Belgi\u00eb zag hij kansen voor een vernieuwende aanpak. Hij wilde kwaliteitsvolle gerechten combineren met snelheid en effici\u00ebntie, zonder in te boeten op smaak of beleving. Wat begon als Foster groeide uit tot een gevestigde waarde in de Belgische horeca.<\/span><\/p><p><span style=\"color: #000000;\">Vandaag zetten we samen met <strong>Bidfood Belgium<\/strong> zijn visie verder met<br><strong>Morris Casual Food Co.<\/strong> \u2013 een naam die eer betoont aan onze oprichter en<br>tegelijk de toekomst omarmt. Authenticiteit, betrouwbaarheid en casual food op z\u2019n best: dat is waar we voor staan. Met onze expertise en innovatieve aanpak ondersteunen we horeca-uitbaters in het cre\u00ebren van succesvolle fast casual concepten. <strong>Morris Casual Food zal als merk exclusief verdeeld worden via Bidfood Belgium.<\/strong><\/span><\/p>\t\t\t\t\t\t\t\t<\/div>\n\t\t\t\t<\/div>\n\t\t\t\t<div class=\"elementor-element elementor-element-8431853 elementor-widget elementor-widget-image\" data-id=\"8431853\" data-element_type=\"widget\" data-widget_type=\"image.default\">\n\t\t\t\t<div class=\"elementor-widget-container\">\n\t\t\t\t\t\t\t\t\t\t\t\t\t\t\t<img fetchpriority=\"high\" decoding=\"async\" width=\"768\" height=\"1024\" src=\"https:\/\/www.morris-casualfood.be\/wp-content\/uploads\/2025\/04\/BID-25-5019_Salesfolder_Morris_FR_V1.pdf-300-x-500-mm-768x1024.png\" class=\"attachment-large size-large wp-image-612\" alt=\"\" \/>\t\t\t\t\t\t\t\t\t\t\t\t\t\t\t<\/div>\n\t\t\t\t<\/div>\n\t\t\t\t\t\t<\/div>\r\n\t\t\t\t\r\n\t\t\t<\/div>\r\n\t\t\t\t\t\t<div class=\" elementor-element elementor-element-f1c774f e-flex e-con-boxed e-con e-parent\" data-id=\"f1c774f\" data-element_type=\"container\">\r\n\t\t\t\t\t\t\t<div class=\"e-con-inner\">\r\n\t\t\t\t\t\t<div class=\"elementor-element elementor-element-4ad3593 elementor-hidden-tablet elementor-hidden-mobile elementor-widget elementor-widget-text-editor\" data-id=\"4ad3593\" data-element_type=\"widget\" data-widget_type=\"text-editor.default\">\n\t\t\t\t<div class=\"elementor-widget-container\">\n\t\t\t\t\t\t\t\t\t<h2><strong>MORRIS CASUAL FOOD CO. : <\/strong><strong>JOUW BETROUWBARE PARTNER.<\/strong><\/h2>\t\t\t\t\t\t\t\t<\/div>\n\t\t\t\t<\/div>\n\t\t\t\t<div class=\"elementor-element elementor-element-dedc985 elementor-hidden-desktop elementor-hidden-laptop elementor-hidden-tablet_extra elementor-widget elementor-widget-text-editor\" data-id=\"dedc985\" data-element_type=\"widget\" data-widget_type=\"text-editor.default\">\n\t\t\t\t<div class=\"elementor-widget-container\">\n\t\t\t\t\t\t\t\t\t<h3 style=\"text-align: center;\"><strong>MORRIS CASUAL FOOD CO. : <\/strong><strong>JOUW BETROUWBARE PARTNER.<\/strong><\/h3>\t\t\t\t\t\t\t\t<\/div>\n\t\t\t\t<\/div>\n\t\t\t\t\t\t<\/div>\r\n\t\t\t\t\r\n\t\t\t<\/div>\r\n\t\t\t\t\t\t<div class=\" elementor-element elementor-element-cdb24f0 elementor-hidden-tablet elementor-hidden-mobile e-flex e-con-boxed e-con e-parent\" data-id=\"cdb24f0\" data-element_type=\"container\">\r\n\t\t\t\t\t\t\t<div class=\"e-con-inner\">\r\n\t\t\t\t\t\t\t<div class=\" elementor-element elementor-element-1747ea3 e-con-full e-flex e-con e-child\" data-id=\"1747ea3\" data-element_type=\"container\">\r\n\t\t\t\t\t<div class=\"elementor-element elementor-element-f5c1def elementor-widget elementor-widget-image\" data-id=\"f5c1def\" data-element_type=\"widget\" data-widget_type=\"image.default\">\n\t\t\t\t<div class=\"elementor-widget-container\">\n\t\t\t\t\t\t\t\t\t\t\t\t\t\t\t<img decoding=\"async\" width=\"768\" height=\"1024\" src=\"https:\/\/www.morris-casualfood.be\/wp-content\/uploads\/2025\/04\/emballage-768x1024.png\" class=\"attachment-large size-large wp-image-614\" alt=\"\" \/>\t\t\t\t\t\t\t\t\t\t\t\t\t\t\t<\/div>\n\t\t\t\t<\/div>\n\t\t\r\n\t\t\t<\/div>\r\n\t\t\t\t\t\t<div class=\" elementor-element elementor-element-44aa933 e-con-full e-flex e-con e-child\" data-id=\"44aa933\" data-element_type=\"container\">\r\n\t\t\t\t\t<div class=\"elementor-element elementor-element-2f11d58 elementor-widget elementor-widget-text-editor\" data-id=\"2f11d58\" data-element_type=\"widget\" data-widget_type=\"text-editor.default\">\n\t\t\t\t<div class=\"elementor-widget-container\">\n\t\t\t\t\t\t\t\t\t<h4><span style=\"color: #000000;\">Verhoog je omzet met snelle, duurzame en smaakvolle oplossingen.<\/span><\/h4><p><span style=\"color: #000000;\">Sneller, slimmer en duurzamer werken? Wij helpen fast casual restaurants effici\u00ebnter te opereren met topkwaliteit en minimale wachttijden.<\/span><\/p><h4><span style=\"color: #000000;\">Waarom kiezen voor Morris Casual Food Co.?<\/span><\/h4><h6><span style=\"color: #000000;\">Meer snelheid, meer omzet<\/span><\/h6><p><span style=\"color: #000000;\">Snelle service verhoogt je tafelfrequentie.<\/span><\/p><h6><span style=\"color: #000000;\">Constante kwaliteit<\/span><\/h6><p><span style=\"color: #000000;\">Elke hap, elke keer perfect.<\/span><\/p><h6><span style=\"color: #000000;\">Duurzaam en kosteneffici\u00ebnt<\/span><\/h6><p><span style=\"color: #000000;\">Minder verspilling, lagere kosten.<\/span><\/p><h6><span style=\"color: #000000;\">Meteen implementeerbaar<\/span><\/h6><p><span style=\"color: #000000;\">Direct resultaat, zonder gedoe.<\/span><\/p>\t\t\t\t\t\t\t\t<\/div>\n\t\t\t\t<\/div>\n\t\t\r\n\t\t\t<\/div>\r\n\t\t\t\t\t\t\t<\/div>\r\n\t\t\t\t\r\n\t\t\t<\/div>\r\n\t\t\t\t\t\t<div class=\" elementor-element elementor-element-ec09420 elementor-hidden-desktop elementor-hidden-laptop elementor-hidden-tablet_extra e-flex e-con-boxed e-con e-parent\" data-id=\"ec09420\" data-element_type=\"container\">\r\n\t\t\t\t\t\t\t<div class=\"e-con-inner\">\r\n\t\t\t\t\t\t<div class=\"elementor-element elementor-element-b0e5311 elementor-widget elementor-widget-image\" data-id=\"b0e5311\" data-element_type=\"widget\" data-widget_type=\"image.default\">\n\t\t\t\t<div class=\"elementor-widget-container\">\n\t\t\t\t\t\t\t\t\t\t\t\t\t\t\t<img decoding=\"async\" width=\"768\" height=\"1024\" src=\"https:\/\/www.morris-casualfood.be\/wp-content\/uploads\/2025\/04\/emballage-768x1024.png\" class=\"attachment-large size-large wp-image-614\" alt=\"\" \/>\t\t\t\t\t\t\t\t\t\t\t\t\t\t\t<\/div>\n\t\t\t\t<\/div>\n\t\t\t\t<div class=\"elementor-element elementor-element-0a549ef elementor-widget elementor-widget-text-editor\" data-id=\"0a549ef\" data-element_type=\"widget\" data-widget_type=\"text-editor.default\">\n\t\t\t\t<div class=\"elementor-widget-container\">\n\t\t\t\t\t\t\t\t\t<h4><span style=\"color: #000000;\">Verhoog je omzet met snelle, duurzame en smaakvolle oplossingen.<\/span><\/h4><p><span style=\"color: #000000;\">Sneller, slimmer en duurzamer werken? Wij helpen fast casual restaurants effici\u00ebnter te opereren met topkwaliteit en minimale wachttijden.<\/span><\/p><h4><span style=\"color: #000000;\">Waarom kiezen voor Morris Casual Food Co.?<\/span><\/h4><h6><span style=\"color: #000000;\">Meer snelheid, meer omzet<\/span><\/h6><p><span style=\"color: #000000;\">Snelle service verhoogt je tafelfrequentie.<\/span><\/p><h6><span style=\"color: #000000;\">Constante kwaliteit<\/span><\/h6><p><span style=\"color: #000000;\">Elke hap, elke keer perfect.<\/span><\/p><h6><span style=\"color: #000000;\">Duurzaam en kosteneffici\u00ebnt<\/span><\/h6><p><span style=\"color: #000000;\">Minder verspilling, lagere kosten.<\/span><\/p><h6><span style=\"color: #000000;\">Meteen implementeerbaar<\/span><\/h6><p><span style=\"color: #000000;\">Direct resultaat, zonder gedoe.<\/span><\/p>\t\t\t\t\t\t\t\t<\/div>\n\t\t\t\t<\/div>\n\t\t\t\t\t\t<\/div>\r\n\t\t\t\t\r\n\t\t\t<\/div>\r\n\t\t\t\t\t<\/div>\n\t\t","protected":false},"excerpt":{"rendered":"<p>VAN VISIE NAAR VERBINDEND FOODCONCEPT VAN VISIE NAAR VERBINDEND FOODCONCEPT In 1985 had Maurice Van Hoof een duidelijke missie: niet zomaar fastfood, maar foodconcepten die mensen samenbrengen. Vanuit zijn ervaring bij \u00e9\u00e9n van de grootste fastfoodketens van Belgi\u00eb zag hij kansen voor een vernieuwende aanpak. Hij wilde kwaliteitsvolle gerechten combineren met snelheid en effici\u00ebntie, zonder [&hellip;]<\/p>\n","protected":false},"author":2,"featured_media":0,"parent":0,"menu_order":0,"comment_status":"closed","ping_status":"closed","template":"","meta":{"footnotes":""},"class_list":["post-620","page","type-page","status-publish","hentry"],"_links":{"self":[{"href":"https:\/\/www.morris-casualfood.be\/nl\/wp-json\/wp\/v2\/pages\/620","targetHints":{"allow":["GET"]}}],"collection":[{"href":"https:\/\/www.morris-casualfood.be\/nl\/wp-json\/wp\/v2\/pages"}],"about":[{"href":"https:\/\/www.morris-casualfood.be\/nl\/wp-json\/wp\/v2\/types\/page"}],"author":[{"embeddable":true,"href":"https:\/\/www.morris-casualfood.be\/nl\/wp-json\/wp\/v2\/users\/2"}],"replies":[{"embeddable":true,"href":"https:\/\/www.morris-casualfood.be\/nl\/wp-json\/wp\/v2\/comments?post=620"}],"version-history":[{"count":5,"href":"https:\/\/www.morris-casualfood.be\/nl\/wp-json\/wp\/v2\/pages\/620\/revisions"}],"predecessor-version":[{"id":647,"href":"https:\/\/www.morris-casualfood.be\/nl\/wp-json\/wp\/v2\/pages\/620\/revisions\/647"}],"wp:attachment":[{"href":"https:\/\/www.morris-casualfood.be\/nl\/wp-json\/wp\/v2\/media?parent=620"}],"curies":[{"name":"wp","href":"https:\/\/api.w.org\/{rel}","templated":true}]}}